{"id":255,"date":"2023-07-26T16:56:05","date_gmt":"2023-07-26T16:56:05","guid":{"rendered":"https:\/\/tars95.hu\/?page_id=255"},"modified":"2025-09-24T15:56:49","modified_gmt":"2025-09-24T15:56:49","slug":"acelszerkezet-gyartas","status":"publish","type":"page","link":"https:\/\/tars95.hu\/de\/tevekenysegek\/acelszerkezet-gyartas\/","title":{"rendered":"Herstellung von Stahlkonstruktionen"},"content":{"rendered":"<div data-elementor-type=\"wp-page\" data-elementor-id=\"255\" class=\"elementor elementor-255\" data-elementor-settings=\"{&quot;ha_cmc_init_switcher&quot;:&quot;no&quot;}\" data-elementor-post-type=\"page\">\n\t\t\t\t\t\t<section data-particle_enable=\"false\" data-particle-mobile-disabled=\"false\" class=\"elementor-section elementor-top-section elementor-element elementor-element-214e23ff elementor-section-boxed elementor-section-height-default elementor-section-height-default\" data-id=\"214e23ff\" data-element_type=\"section\" data-settings=\"{&quot;background_background&quot;:&quot;classic&quot;,&quot;_ha_eqh_enable&quot;:false,&quot;ekit_has_onepagescroll_dot&quot;:&quot;yes&quot;}\">\n\t\t\t\t\t\t\t<div class=\"elementor-background-overlay\"><\/div>\n\t\t\t\t\t\t\t<div class=\"elementor-container elementor-column-gap-default\">\n\t\t\t\t\t<div class=\"elementor-column elementor-col-100 elementor-top-column elementor-element elementor-element-5b761896\" data-id=\"5b761896\" data-element_type=\"column\">\n\t\t\t<div class=\"elementor-widget-wrap elementor-element-populated\">\n\t\t\t\t\t\t<div class=\"elementor-element elementor-element-40c11c0c elementor-invisible elementor-widget elementor-widget-heading\" data-id=\"40c11c0c\" data-element_type=\"widget\" data-settings=\"{&quot;_animation&quot;:&quot;fadeInDown&quot;,&quot;ekit_we_effect_on&quot;:&quot;none&quot;}\" data-widget_type=\"heading.default\">\n\t\t\t\t<div class=\"elementor-widget-container\">\n\t\t\t\t\t<h2 class=\"elementor-heading-title elementor-size-default\">Herstellung von Stahlkonstruktionen<\/h2>\t\t\t\t<\/div>\n\t\t\t\t<\/div>\n\t\t\t\t\t<\/div>\n\t\t<\/div>\n\t\t\t\t\t<\/div>\n\t\t<\/section>\n\t\t\t\t<section data-particle_enable=\"false\" data-particle-mobile-disabled=\"false\" class=\"elementor-section elementor-top-section elementor-element elementor-element-2a00ca1a elementor-section-boxed elementor-section-height-default elementor-section-height-default\" data-id=\"2a00ca1a\" data-element_type=\"section\" data-settings=\"{&quot;background_background&quot;:&quot;classic&quot;,&quot;_ha_eqh_enable&quot;:false,&quot;ekit_has_onepagescroll_dot&quot;:&quot;yes&quot;}\">\n\t\t\t\t\t\t<div class=\"elementor-container elementor-column-gap-default\">\n\t\t\t\t\t<div class=\"elementor-column elementor-col-100 elementor-top-column elementor-element elementor-element-2cd32a05\" data-id=\"2cd32a05\" data-element_type=\"column\" data-settings=\"{&quot;background_background&quot;:&quot;classic&quot;}\">\n\t\t\t<div class=\"elementor-widget-wrap elementor-element-populated\">\n\t\t\t\t\t\t<div class=\"elementor-element elementor-element-4f90cd43 elementor-widget elementor-widget-heading\" data-id=\"4f90cd43\" data-element_type=\"widget\" data-settings=\"{&quot;ekit_we_effect_on&quot;:&quot;none&quot;}\" data-widget_type=\"heading.default\">\n\t\t\t\t<div class=\"elementor-widget-container\">\n\t\t\t\t\t<h2 class=\"elementor-heading-title elementor-size-default\">Das Unternehmen wurde gegr\u00fcndet, um einzigartige Stahlkonstruktionen herzustellen.<\/h2>\t\t\t\t<\/div>\n\t\t\t\t<\/div>\n\t\t\t\t<div class=\"elementor-element elementor-element-22c72a5c elementor-widget elementor-widget-text-editor\" data-id=\"22c72a5c\" data-element_type=\"widget\" data-settings=\"{&quot;ekit_we_effect_on&quot;:&quot;none&quot;}\" data-widget_type=\"text-editor.default\">\n\t\t\t\t<div class=\"elementor-widget-container\">\n\t\t\t\t\t\t\t\t\t<p>Das Managementsystem der T\u00e1rs-95 Kft. ist nach der internationalen Qualit\u00e4tsmanagementsystemnorm ISO 9001:2008 zertifiziert, die f\u00fcr alle Elemente und Prozesse der Stahlkonstruktionsproduktion und des Bauwesens gilt. <\/p><p>T\u00e1rs-95 Kft. hat ein Umweltmanagementsystem eingef\u00fchrt, das auf der Grundlage der internationalen Norm ISO 14001:2004 zertifiziert ist. In einem nach DIN EN ISO 3834 \u2013 2 zertifizierten Schwei\u00dfbetrieb arbeiten qualifizierte Schwei\u00dfer unter Anleitung eines im Unternehmen angestellten Schwei\u00dffachingenieurs. Qualit\u00e4tspr\u00fcfer f\u00fchren Materialpr\u00fcfungen durch VT2; PT2; Sie verf\u00fcgen \u00fcber ein UT2-Zertifikat. T\u00e1rs-95 Kft. verf\u00fcgt \u00fcber eine werkseigene Produktionskontrolle (CUT) und eine Schwei\u00dfanlagenzertifizierung gem\u00e4\u00df der Norm DIN EN 1090-1, -2.<\/p><p> Die gro\u00dfen, kranbest\u00fcckten Produktionshallen (2 x 10t, 3 x 5t, 1t und 2t Drehkrane) eignen sich f\u00fcr die Einzel- und Serienfertigung von Deckenkonstruktionen, Tragkonstruktionen und Rahmenkonstruktionen. <\/p><p>Im Zuge der kontinuierlichen Entwicklung der T\u00e1rs-95 Kft. erhielt und erf\u00fcllte das Unternehmen neben der Herstellung einzigartiger Stahlkonstruktionen auch ein immer breiteres Spektrum an Bauauftr\u00e4gen. Die fortlaufenden Auftr\u00e4ge betrafen haupts\u00e4chlich den allgemeinen Bau von Csarnok-Geb\u00e4uden sowie der dazugeh\u00f6rigen Serviceeinrichtungen, Stra\u00dfen und Versorgungseinrichtungen, was heute eine der Hauptt\u00e4tigkeiten des Unternehmens darstellt. <\/p><p>Das Management hat sich eine neue Richtung zum Ziel gesetzt und die M\u00f6glichkeit geschaffen, die Ideen der Investoren vollst\u00e4ndig umzusetzen, was die umfassende beh\u00f6rdliche Verwaltung und Genehmigungsverfahren der Einrichtungen von der Planung an umfasst.<\/p><p> F\u00fcr die effektive Umsetzung der Investitionen verf\u00fcgt das Unternehmen \u00fcber EHS-Ingenieure entsprechend dem T\u00e4tigkeitsbereich und dem Fortschritt der Zeit. Gro\u00dfen Wert legen wir auf die kontinuierliche Schulung der Mitarbeiter und das Erlernen neuer Technologien, mit denen wir den Standard unserer Arbeit kontinuierlich steigern k\u00f6nnen.<\/p>\t\t\t\t\t\t\t\t<\/div>\n\t\t\t\t<\/div>\n\t\t\t\t<div class=\"elementor-element elementor-element-ac4a337 gallery-spacing-custom elementor-widget elementor-widget-image-gallery\" data-id=\"ac4a337\" data-element_type=\"widget\" data-settings=\"{&quot;ekit_we_effect_on&quot;:&quot;none&quot;}\" data-widget_type=\"image-gallery.default\">\n\t\t\t\t<div class=\"elementor-widget-container\">\n\t\t\t\t\t\t\t<div class=\"elementor-image-gallery\">\n\t\t\t<div id='gallery-1' class='gallery galleryid-255 gallery-columns-3 gallery-size-full'><figure class='gallery-item'>\n\t\t\t<div class='gallery-icon landscape'>\n\t\t\t\t<a data-elementor-open-lightbox=\"yes\" data-elementor-lightbox-slideshow=\"ac4a337\" data-elementor-lightbox-title=\"man-discussing-building-plan-with-architect-at-construction-site-.jpg\" data-e-action-hash=\"#elementor-action%3Aaction%3Dlightbox%26settings%3DeyJpZCI6MTMwLCJ1cmwiOiJodHRwczpcL1wvdGFyczk1Lmh1XC93cC1jb250ZW50XC91cGxvYWRzXC8yMDIzXC8wN1wvbWFuLWRpc2N1c3NpbmctYnVpbGRpbmctcGxhbi13aXRoLWFyY2hpdGVjdC1hdC1jb25zdHJ1Y3Rpb24tc2l0ZS0uanBnIiwic2xpZGVzaG93IjoiYWM0YTMzNyJ9\" href='https:\/\/tars95.hu\/wp-content\/uploads\/2023\/07\/man-discussing-building-plan-with-architect-at-construction-site-.jpg'><img fetchpriority=\"high\" decoding=\"async\" width=\"1280\" height=\"852\" src=\"https:\/\/tars95.hu\/wp-content\/uploads\/2023\/07\/man-discussing-building-plan-with-architect-at-construction-site-.jpg\" class=\"attachment-full size-full\" alt=\"\" srcset=\"https:\/\/tars95.hu\/wp-content\/uploads\/2023\/07\/man-discussing-building-plan-with-architect-at-construction-site-.jpg 1280w, https:\/\/tars95.hu\/wp-content\/uploads\/2023\/07\/man-discussing-building-plan-with-architect-at-construction-site--300x200.jpg 300w, https:\/\/tars95.hu\/wp-content\/uploads\/2023\/07\/man-discussing-building-plan-with-architect-at-construction-site--1024x682.jpg 1024w, https:\/\/tars95.hu\/wp-content\/uploads\/2023\/07\/man-discussing-building-plan-with-architect-at-construction-site--768x511.jpg 768w\" sizes=\"(max-width: 1280px) 100vw, 1280px\" \/><\/a>\n\t\t\t<\/div><\/figure><figure class='gallery-item'>\n\t\t\t<div class='gallery-icon landscape'>\n\t\t\t\t<a data-elementor-open-lightbox=\"yes\" data-elementor-lightbox-slideshow=\"ac4a337\" data-elementor-lightbox-title=\"worker-on-construction-site.jpg\" data-e-action-hash=\"#elementor-action%3Aaction%3Dlightbox%26settings%3DeyJpZCI6MTMxLCJ1cmwiOiJodHRwczpcL1wvdGFyczk1Lmh1XC93cC1jb250ZW50XC91cGxvYWRzXC8yMDIzXC8wN1wvd29ya2VyLW9uLWNvbnN0cnVjdGlvbi1zaXRlLmpwZyIsInNsaWRlc2hvdyI6ImFjNGEzMzcifQ%3D%3D\" href='https:\/\/tars95.hu\/wp-content\/uploads\/2023\/07\/worker-on-construction-site.jpg'><img decoding=\"async\" width=\"1280\" height=\"853\" src=\"https:\/\/tars95.hu\/wp-content\/uploads\/2023\/07\/worker-on-construction-site.jpg\" class=\"attachment-full size-full\" alt=\"\" srcset=\"https:\/\/tars95.hu\/wp-content\/uploads\/2023\/07\/worker-on-construction-site.jpg 1280w, https:\/\/tars95.hu\/wp-content\/uploads\/2023\/07\/worker-on-construction-site-300x200.jpg 300w, https:\/\/tars95.hu\/wp-content\/uploads\/2023\/07\/worker-on-construction-site-1024x682.jpg 1024w, https:\/\/tars95.hu\/wp-content\/uploads\/2023\/07\/worker-on-construction-site-768x512.jpg 768w\" sizes=\"(max-width: 1280px) 100vw, 1280px\" \/><\/a>\n\t\t\t<\/div><\/figure><figure class='gallery-item'>\n\t\t\t<div class='gallery-icon landscape'>\n\t\t\t\t<a data-elementor-open-lightbox=\"yes\" data-elementor-lightbox-slideshow=\"ac4a337\" data-elementor-lightbox-title=\"architects-with-blueprint-and-tablet-looking-away-at-construction-site.jpg\" data-e-action-hash=\"#elementor-action%3Aaction%3Dlightbox%26settings%3DeyJpZCI6MTMyLCJ1cmwiOiJodHRwczpcL1wvdGFyczk1Lmh1XC93cC1jb250ZW50XC91cGxvYWRzXC8yMDIzXC8wN1wvYXJjaGl0ZWN0cy13aXRoLWJsdWVwcmludC1hbmQtdGFibGV0LWxvb2tpbmctYXdheS1hdC1jb25zdHJ1Y3Rpb24tc2l0ZS5qcGciLCJzbGlkZXNob3ciOiJhYzRhMzM3In0%3D\" href='https:\/\/tars95.hu\/wp-content\/uploads\/2023\/07\/architects-with-blueprint-and-tablet-looking-away-at-construction-site.jpg'><img decoding=\"async\" width=\"1280\" height=\"854\" src=\"https:\/\/tars95.hu\/wp-content\/uploads\/2023\/07\/architects-with-blueprint-and-tablet-looking-away-at-construction-site.jpg\" class=\"attachment-full size-full\" alt=\"\" srcset=\"https:\/\/tars95.hu\/wp-content\/uploads\/2023\/07\/architects-with-blueprint-and-tablet-looking-away-at-construction-site.jpg 1280w, https:\/\/tars95.hu\/wp-content\/uploads\/2023\/07\/architects-with-blueprint-and-tablet-looking-away-at-construction-site-300x200.jpg 300w, https:\/\/tars95.hu\/wp-content\/uploads\/2023\/07\/architects-with-blueprint-and-tablet-looking-away-at-construction-site-1024x683.jpg 1024w, https:\/\/tars95.hu\/wp-content\/uploads\/2023\/07\/architects-with-blueprint-and-tablet-looking-away-at-construction-site-768x512.jpg 768w\" sizes=\"(max-width: 1280px) 100vw, 1280px\" \/><\/a>\n\t\t\t<\/div><\/figure>\n\t\t<\/div>\n\t\t<\/div>\n\t\t\t\t\t\t<\/div>\n\t\t\t\t<\/div>\n\t\t\t\t<section data-particle_enable=\"false\" data-particle-mobile-disabled=\"false\" class=\"elementor-section elementor-inner-section elementor-element elementor-element-11882cf elementor-section-boxed elementor-section-height-default elementor-section-height-default\" data-id=\"11882cf\" data-element_type=\"section\" data-settings=\"{&quot;_ha_eqh_enable&quot;:false,&quot;ekit_has_onepagescroll_dot&quot;:&quot;yes&quot;}\">\n\t\t\t\t\t\t<div class=\"elementor-container elementor-column-gap-default\">\n\t\t\t\t\t<div class=\"elementor-column elementor-col-100 elementor-inner-column elementor-element elementor-element-d4baed0\" data-id=\"d4baed0\" data-element_type=\"column\">\n\t\t\t<div class=\"elementor-widget-wrap elementor-element-populated\">\n\t\t\t\t\t\t<div class=\"elementor-element elementor-element-3d8c00e elementor-widget elementor-widget-heading\" data-id=\"3d8c00e\" data-element_type=\"widget\" data-settings=\"{&quot;ekit_we_effect_on&quot;:&quot;none&quot;}\" data-widget_type=\"heading.default\">\n\t\t\t\t<div class=\"elementor-widget-container\">\n\t\t\t\t\t<h2 class=\"elementor-heading-title elementor-size-default\">Unsere Auszeichnungen<\/h2>\t\t\t\t<\/div>\n\t\t\t\t<\/div>\n\t\t\t\t<div class=\"elementor-element elementor-element-065f7ca elementor-widget elementor-widget-image\" data-id=\"065f7ca\" data-element_type=\"widget\" data-settings=\"{&quot;ekit_we_effect_on&quot;:&quot;none&quot;}\" data-widget_type=\"image.default\">\n\t\t\t\t<div class=\"elementor-widget-container\">\n\t\t\t\t\t\t\t\t\t\t\t\t\t\t\t<img loading=\"lazy\" decoding=\"async\" width=\"120\" height=\"121\" src=\"https:\/\/tars95.hu\/wp-content\/uploads\/2023\/11\/epitoimesterdij_.png\" class=\"attachment-large size-large wp-image-882\" alt=\"\" \/>\t\t\t\t\t\t\t\t\t\t\t\t\t\t\t<\/div>\n\t\t\t\t<\/div>\n\t\t\t\t\t<\/div>\n\t\t<\/div>\n\t\t\t\t\t<\/div>\n\t\t<\/section>\n\t\t\t\t\t<\/div>\n\t\t<\/div>\n\t\t\t\t\t<\/div>\n\t\t<\/section>\n\t\t\t\t<section data-particle_enable=\"false\" data-particle-mobile-disabled=\"false\" class=\"elementor-section elementor-top-section elementor-element elementor-element-3454addc elementor-section-boxed elementor-section-height-default elementor-section-height-default\" data-id=\"3454addc\" data-element_type=\"section\" data-settings=\"{&quot;_ha_eqh_enable&quot;:false,&quot;ekit_has_onepagescroll_dot&quot;:&quot;yes&quot;}\">\n\t\t\t\t\t\t<div class=\"elementor-container elementor-column-gap-default\">\n\t\t\t\t\t<div class=\"elementor-column elementor-col-100 elementor-top-column elementor-element elementor-element-714327ad\" data-id=\"714327ad\" data-element_type=\"column\">\n\t\t\t<div class=\"elementor-widget-wrap elementor-element-populated\">\n\t\t\t\t\t\t<div class=\"elementor-element elementor-element-355061b4 elementor-widget-tablet__width-initial elementor-widget elementor-widget-heading\" data-id=\"355061b4\" data-element_type=\"widget\" data-settings=\"{&quot;_animation&quot;:&quot;none&quot;,&quot;ekit_we_effect_on&quot;:&quot;none&quot;}\" data-widget_type=\"heading.default\">\n\t\t\t\t<div class=\"elementor-widget-container\">\n\t\t\t\t\t<h2 class=\"elementor-heading-title elementor-size-default\">Unsere Aktivit\u00e4ten<\/h2>\t\t\t\t<\/div>\n\t\t\t\t<\/div>\n\t\t\t\t\t<\/div>\n\t\t<\/div>\n\t\t\t\t\t<\/div>\n\t\t<\/section>\n\t\t\t\t<section data-particle_enable=\"false\" data-particle-mobile-disabled=\"false\" class=\"elementor-section elementor-inner-section elementor-element elementor-element-50ff1df4 elementor-section-boxed elementor-section-height-default elementor-section-height-default\" data-id=\"50ff1df4\" data-element_type=\"section\" data-settings=\"{&quot;_ha_eqh_enable&quot;:false,&quot;ekit_has_onepagescroll_dot&quot;:&quot;yes&quot;}\">\n\t\t\t\t\t\t<div class=\"elementor-container elementor-column-gap-default\">\n\t\t\t\t\t<div data-ha-element-link=\"{&quot;url&quot;:&quot;\\\/tevekenysegek\\\/acelszerkezet\\\/&quot;,&quot;is_external&quot;:&quot;&quot;,&quot;nofollow&quot;:&quot;&quot;}\" style=\"cursor: pointer\" class=\"elementor-column elementor-col-50 elementor-inner-column elementor-element elementor-element-558ffb39\" data-id=\"558ffb39\" data-element_type=\"column\" data-settings=\"{&quot;animation&quot;:&quot;none&quot;,&quot;animation_delay&quot;:240}\">\n\t\t\t<div class=\"elementor-widget-wrap elementor-element-populated\">\n\t\t\t\t\t\t<div class=\"elementor-element elementor-element-15a1029b ekit-equal-height-disable elementor-widget elementor-widget-elementskit-icon-box\" data-id=\"15a1029b\" data-element_type=\"widget\" data-settings=\"{&quot;ekit_we_effect_on&quot;:&quot;none&quot;}\" data-widget_type=\"elementskit-icon-box.default\">\n\t\t\t\t<div class=\"elementor-widget-container\">\n\t\t\t\t\t<div class=\"ekit-wid-con\" >        <!-- link opening -->\n                <!-- end link opening -->\n\n        <div class=\"elementskit-infobox text-left text-left icon-top-align elementor-animation-\">\n                    <div class=\"elementskit-box-header elementor-animation-\">\n                <div class=\"elementskit-info-box-icon\">\n                    <i aria-hidden=\"true\" class=\"elementkit-infobox-icon icon icon-construction-tool-vehicle-with-crane-lifting-materials\"><\/i>\n                <\/div>\n          <\/div>\n                        <div class=\"box-body\">\n                            <h3 class=\"elementskit-info-box-title\">\n                    Herstellung von Stahlkonstruktionen                <\/h3>\n                                                    <div class=\"box-footer disable_hover_button\">\n                    <div class=\"btn-wraper\">\n                                                            <a class=\"elementskit-btn whitespace--normal\" href=\"\/de\/tevekenysegek\/acelszerkezet\/\">\n                                        N\u00e4chste                                        <i aria-hidden=\"true\" class=\"fas fa-angle-right\"><\/i>                                    <\/a>\n                                                        <\/div>\n                <\/div>\n                    <\/div>\n        \n        \n                <\/div>\n        <\/div>\t\t\t\t<\/div>\n\t\t\t\t<\/div>\n\t\t\t\t\t<\/div>\n\t\t<\/div>\n\t\t\t\t<div data-ha-element-link=\"{&quot;url&quot;:&quot;\\\/tevekenysegek\\\/acelszerkezet\\\/&quot;,&quot;is_external&quot;:&quot;&quot;,&quot;nofollow&quot;:&quot;&quot;}\" style=\"cursor: pointer\" class=\"elementor-column elementor-col-50 elementor-inner-column elementor-element elementor-element-3a0ae6d3\" data-id=\"3a0ae6d3\" data-element_type=\"column\" data-settings=\"{&quot;animation&quot;:&quot;none&quot;,&quot;animation_delay&quot;:240}\">\n\t\t\t<div class=\"elementor-widget-wrap elementor-element-populated\">\n\t\t\t\t\t\t<div class=\"elementor-element elementor-element-1391e7e2 ekit-equal-height-disable elementor-widget elementor-widget-elementskit-icon-box\" data-id=\"1391e7e2\" data-element_type=\"widget\" data-settings=\"{&quot;ekit_we_effect_on&quot;:&quot;none&quot;}\" data-widget_type=\"elementskit-icon-box.default\">\n\t\t\t\t<div class=\"elementor-widget-container\">\n\t\t\t\t\t<div class=\"ekit-wid-con\" >        <!-- link opening -->\n                <!-- end link opening -->\n\n        <div class=\"elementskit-infobox text-left text-left icon-top-align elementor-animation-\">\n                    <div class=\"elementskit-box-header elementor-animation-\">\n                <div class=\"elementskit-info-box-icon\">\n                    <i aria-hidden=\"true\" class=\"elementkit-infobox-icon fas fa-building\"><\/i>\n                <\/div>\n          <\/div>\n                        <div class=\"box-body\">\n                            <h3 class=\"elementskit-info-box-title\">\n                    Allgemeine Ausf\u00fchrung                <\/h3>\n                                                    <div class=\"box-footer disable_hover_button\">\n                    <div class=\"btn-wraper\">\n                                                            <a class=\"elementskit-btn whitespace--normal\" href=\"\/de\/tevekenysegek\/generalkivitelezes\/\">\n                                        N\u00e4chste                                        <i aria-hidden=\"true\" class=\"fas fa-angle-right\"><\/i>                                    <\/a>\n                                                        <\/div>\n                <\/div>\n                    <\/div>\n        \n        \n                <\/div>\n        <\/div>\t\t\t\t<\/div>\n\t\t\t\t<\/div>\n\t\t\t\t\t<\/div>\n\t\t<\/div>\n\t\t\t\t\t<\/div>\n\t\t<\/section>\n\t\t\t\t<section data-particle_enable=\"false\" data-particle-mobile-disabled=\"false\" class=\"elementor-section elementor-top-section elementor-element elementor-element-2a4952d0 elementor-section-content-middle elementor-section-boxed elementor-section-height-default elementor-section-height-default\" data-id=\"2a4952d0\" data-element_type=\"section\" data-settings=\"{&quot;background_background&quot;:&quot;classic&quot;,&quot;_ha_eqh_enable&quot;:false,&quot;ekit_has_onepagescroll_dot&quot;:&quot;yes&quot;}\">\n\t\t\t\t\t\t\t<div class=\"elementor-background-overlay\"><\/div>\n\t\t\t\t\t\t\t<div class=\"elementor-container elementor-column-gap-default\">\n\t\t\t\t\t<div class=\"elementor-column elementor-col-50 elementor-top-column elementor-element elementor-element-2478dade\" data-id=\"2478dade\" data-element_type=\"column\">\n\t\t\t<div class=\"elementor-widget-wrap elementor-element-populated\">\n\t\t\t\t\t\t<div class=\"elementor-element elementor-element-d921174 elementor-widget elementor-widget-global elementor-global-451 elementor-widget-elementskit-heading\" data-id=\"d921174\" data-element_type=\"widget\" data-settings=\"{&quot;_animation&quot;:&quot;none&quot;,&quot;ekit_we_effect_on&quot;:&quot;none&quot;}\" data-widget_type=\"elementskit-heading.default\">\n\t\t\t\t<div class=\"elementor-widget-container\">\n\t\t\t\t\t<div class=\"ekit-wid-con\" ><div class=\"ekit-heading elementskit-section-title-wraper text_left   ekit_heading_tablet-   ekit_heading_mobile-\"><h2 class=\"ekit-heading--title elementskit-section-title\">Lassen Sie Ihr Projekt das n\u00e4chste sein <span><span>Erfolgsgeschichte!<\/span><\/span><\/h2><div class=\"ekit_heading_separetor_wraper ekit_heading_elementskit-border-divider ekit-dotted\"><div class=\"elementskit-border-divider ekit-dotted\"><\/div><\/div><\/div><\/div>\t\t\t\t<\/div>\n\t\t\t\t<\/div>\n\t\t\t\t\t<\/div>\n\t\t<\/div>\n\t\t\t\t<div class=\"elementor-column elementor-col-50 elementor-top-column elementor-element elementor-element-79321aae\" data-id=\"79321aae\" data-element_type=\"column\">\n\t\t\t<div class=\"elementor-widget-wrap elementor-element-populated\">\n\t\t\t\t\t\t<div class=\"elementor-element elementor-element-1bd8862f elementor-align-left elementor-widget__width-auto elementor-mobile-align-justify elementor-widget-mobile__width-inherit elementor-tablet-align-justify elementor-widget-tablet__width-inherit elementor-invisible elementor-widget elementor-widget-global elementor-global-457 elementor-widget-button\" data-id=\"1bd8862f\" data-element_type=\"widget\" data-settings=\"{&quot;_animation&quot;:&quot;fadeIn&quot;,&quot;_animation_delay&quot;:720,&quot;ekit_we_effect_on&quot;:&quot;none&quot;}\" data-widget_type=\"button.default\">\n\t\t\t\t<div class=\"elementor-widget-container\">\n\t\t\t\t\t\t\t\t\t<div class=\"elementor-button-wrapper\">\n\t\t\t\t\t<a class=\"elementor-button elementor-button-link elementor-size-sm\" href=\"\/de\/referenciak\/\">\n\t\t\t\t\t\t<span class=\"elementor-button-content-wrapper\">\n\t\t\t\t\t\t<span class=\"elementor-button-icon\">\n\t\t\t\t<i aria-hidden=\"true\" class=\"fas fa-angle-right\"><\/i>\t\t\t<\/span>\n\t\t\t\t\t\t\t\t\t<span class=\"elementor-button-text\">Verweise<\/span>\n\t\t\t\t\t<\/span>\n\t\t\t\t\t<\/a>\n\t\t\t\t<\/div>\n\t\t\t\t\t\t\t\t<\/div>\n\t\t\t\t<\/div>\n\t\t\t\t<div class=\"elementor-element elementor-element-46a68e8e elementor-align-left elementor-widget__width-auto elementor-mobile-align-justify elementor-widget-mobile__width-inherit elementor-tablet-align-justify elementor-widget-tablet__width-inherit elementor-invisible elementor-widget elementor-widget-global elementor-global-454 elementor-widget-button\" data-id=\"46a68e8e\" data-element_type=\"widget\" data-settings=\"{&quot;_animation&quot;:&quot;fadeIn&quot;,&quot;_animation_delay&quot;:720,&quot;ekit_we_effect_on&quot;:&quot;none&quot;}\" data-widget_type=\"button.default\">\n\t\t\t\t<div class=\"elementor-widget-container\">\n\t\t\t\t\t\t\t\t\t<div class=\"elementor-button-wrapper\">\n\t\t\t\t\t<a class=\"elementor-button elementor-button-link elementor-size-sm\" href=\"\/de\/kapcsolat\/\">\n\t\t\t\t\t\t<span class=\"elementor-button-content-wrapper\">\n\t\t\t\t\t\t\t\t\t<span class=\"elementor-button-text\">Kontakt<\/span>\n\t\t\t\t\t<\/span>\n\t\t\t\t\t<\/a>\n\t\t\t\t<\/div>\n\t\t\t\t\t\t\t\t<\/div>\n\t\t\t\t<\/div>\n\t\t\t\t\t<\/div>\n\t\t<\/div>\n\t\t\t\t\t<\/div>\n\t\t<\/section>\n\t\t\t\t<\/div>","protected":false},"excerpt":{"rendered":"<p>Produktion von Stahlkonstruktionen Das Unternehmen wurde gegr\u00fcndet, um einzigartige Stahlkonstruktionen herzustellen. Das Managementsystem der T\u00e1rs-95 Kft. ist nach der internationalen Qualit\u00e4tsmanagementsystemnorm ISO 9001:2008 zertifiziert, die f\u00fcr alle Elemente und Prozesse der Stahlkonstruktionsproduktion und des Bauwesens gilt. T\u00e1rs-95 Kft. hat ein Umweltmanagementsystem eingef\u00fchrt, das auf der Grundlage der internationalen Norm ISO 14001:2004 zertifiziert ist. Zertifiziert nach DIN EN ISO 3834 \u2013 2 [...]<\/p>","protected":false},"author":3,"featured_media":0,"parent":223,"menu_order":0,"comment_status":"closed","ping_status":"closed","template":"","meta":{"footnotes":""},"class_list":["post-255","page","type-page","status-publish","hentry"],"_links":{"self":[{"href":"https:\/\/tars95.hu\/de\/wp-json\/wp\/v2\/pages\/255","targetHints":{"allow":["GET"]}}],"collection":[{"href":"https:\/\/tars95.hu\/de\/wp-json\/wp\/v2\/pages"}],"about":[{"href":"https:\/\/tars95.hu\/de\/wp-json\/wp\/v2\/types\/page"}],"author":[{"embeddable":true,"href":"https:\/\/tars95.hu\/de\/wp-json\/wp\/v2\/users\/3"}],"replies":[{"embeddable":true,"href":"https:\/\/tars95.hu\/de\/wp-json\/wp\/v2\/comments?post=255"}],"version-history":[{"count":11,"href":"https:\/\/tars95.hu\/de\/wp-json\/wp\/v2\/pages\/255\/revisions"}],"predecessor-version":[{"id":2260,"href":"https:\/\/tars95.hu\/de\/wp-json\/wp\/v2\/pages\/255\/revisions\/2260"}],"up":[{"embeddable":true,"href":"https:\/\/tars95.hu\/de\/wp-json\/wp\/v2\/pages\/223"}],"wp:attachment":[{"href":"https:\/\/tars95.hu\/de\/wp-json\/wp\/v2\/media?parent=255"}],"curies":[{"name":"wp","href":"https:\/\/api.w.org\/{rel}","templated":true}]}}